{"id":1947,"date":"2024-10-03T16:42:37","date_gmt":"2024-10-03T14:42:37","guid":{"rendered":"https:\/\/mbcreative.it\/?page_id=1947"},"modified":"2025-12-28T18:21:19","modified_gmt":"2025-12-28T17:21:19","slug":"elementor-pagina-1947","status":"publish","type":"page","link":"https:\/\/mbcreative.it\/?page_id=1947","title":{"rendered":"Unicit\u00e0"},"content":{"rendered":"\t\t<div data-elementor-type=\"wp-page\" data-elementor-id=\"1947\" class=\"elementor elementor-1947\">\n\t\t\t\t<div class=\"elementor-element elementor-element-c17062f e-flex e-con-boxed e-con e-parent\" data-id=\"c17062f\" data-element_type=\"container\" data-settings=\"{&quot;background_background&quot;:&quot;gradient&quot;}\">\n\t\t\t\t\t<div class=\"e-con-inner\">\n\t\t<div class=\"elementor-element elementor-element-1887b2f e-con-full e-flex e-con e-child\" data-id=\"1887b2f\" data-element_type=\"container\">\n\t\t\t\t<div class=\"elementor-element elementor-element-58b4def elementor-widget elementor-widget-image\" data-id=\"58b4def\" data-element_type=\"widget\" data-widget_type=\"image.default\">\n\t\t\t\t<div class=\"elementor-widget-container\">\n\t\t\t\t\t\t\t\t\t\t\t\t\t\t\t\t<a href=\"https:\/\/mbcreative.it\/\">\n\t\t\t\t\t\t\t<img fetchpriority=\"high\" decoding=\"async\" width=\"300\" height=\"253\" src=\"https:\/\/mbcreative.it\/wp-content\/uploads\/2020\/02\/cropped-cropped-cropped-logo-triangolo-UFFICIALE-1-255x215.png\" class=\"attachment-medium size-medium wp-image-1605\" alt=\"\" srcset=\"https:\/\/mbcreative.it\/wp-content\/uploads\/2020\/02\/cropped-cropped-cropped-logo-triangolo-UFFICIALE-1.png 1x, https:\/\/mbcreative.it\/wp-content\/uploads\/2020\/02\/cropped-logo-triangolo-UFFICIALE.png 2x\" sizes=\"(max-width: 300px) 100vw, 300px\" \/>\t\t\t\t\t\t\t\t<\/a>\n\t\t\t\t\t\t\t\t\t\t\t\t\t\t\t<\/div>\n\t\t\t\t<\/div>\n\t\t\t\t<\/div>\n\t\t<div class=\"elementor-element elementor-element-1f06543 e-con-full e-flex e-con e-child\" data-id=\"1f06543\" data-element_type=\"container\">\n\t\t\t\t<div class=\"elementor-element elementor-element-b6fa961 elementor-widget elementor-widget-text-editor\" data-id=\"b6fa961\" data-element_type=\"widget\" data-widget_type=\"text-editor.default\">\n\t\t\t\t<div class=\"elementor-widget-container\">\n\t\t\t\t\t\t\t\t\t<p>Rendere unica la tua storia \u00e8 la nostra specialit\u00e0 sia privata, aziendale o commerciale attraverso il racconto del testo dove tu o la tua attivit\u00e0 sono protagonisti assoluti.<br \/>Pu\u00f2 essere accompagnata da immagini, fotografie, video e persino arrivare ad uno spot pubblicittario o reel.<\/p>\t\t\t\t\t\t\t\t<\/div>\n\t\t\t\t<\/div>\n\t\t\t\t<\/div>\n\t\t\t\t<div class=\"elementor-element elementor-element-6d4c01a elementor-widget elementor-widget-video\" data-id=\"6d4c01a\" data-element_type=\"widget\" data-settings=\"{&quot;video_type&quot;:&quot;hosted&quot;,&quot;controls&quot;:&quot;yes&quot;}\" data-widget_type=\"video.default\">\n\t\t\t\t<div class=\"elementor-widget-container\">\n\t\t\t\t\t\t\t<div class=\"e-hosted-video elementor-wrapper elementor-open-inline\">\n\t\t\t\t\t<video class=\"elementor-video\" src=\"https:\/\/vidoorasrl.eu\/MB_VIDEO\/VIDEO_DEMO\/La%20storia%20di%20AN.mp4\" controls=\"\" preload=\"metadata\" controlsList=\"nodownload\"><\/video>\n\t\t\t\t<\/div>\n\t\t\t\t\t\t<\/div>\n\t\t\t\t<\/div>\n\t\t<div class=\"elementor-element elementor-element-d0d4482 e-con-full e-flex e-con e-child\" data-id=\"d0d4482\" data-element_type=\"container\">\n\t\t<div class=\"elementor-element elementor-element-a309c0d e-grid e-con-full e-con e-child\" data-id=\"a309c0d\" data-element_type=\"container\">\n\t\t\t\t<div class=\"elementor-element elementor-element-013b976 elementor-widget elementor-widget-video\" data-id=\"013b976\" data-element_type=\"widget\" data-settings=\"{&quot;youtube_url&quot;:&quot;https:\\\/\\\/youtu.be\\\/-Pdg9EAO08Y?si=Q3KSJ0WAiDbIQmxX &quot;,&quot;video_type&quot;:&quot;youtube&quot;,&quot;controls&quot;:&quot;yes&quot;}\" data-widget_type=\"video.default\">\n\t\t\t\t<div class=\"elementor-widget-container\">\n\t\t\t\t\t\t\t<div class=\"elementor-wrapper elementor-open-inline\">\n\t\t\t<div class=\"elementor-video\"><\/div>\t\t<\/div>\n\t\t\t\t\t\t<\/div>\n\t\t\t\t<\/div>\n\t\t\t\t<div class=\"elementor-element elementor-element-8fe0577 elementor-widget elementor-widget-video\" data-id=\"8fe0577\" data-element_type=\"widget\" data-settings=\"{&quot;youtube_url&quot;:&quot;https:\\\/\\\/youtu.be\\\/_UE7kRHKFx8?si=qqIXzv8EnTczNCep &quot;,&quot;video_type&quot;:&quot;youtube&quot;,&quot;controls&quot;:&quot;yes&quot;}\" data-widget_type=\"video.default\">\n\t\t\t\t<div class=\"elementor-widget-container\">\n\t\t\t\t\t\t\t<div class=\"elementor-wrapper elementor-open-inline\">\n\t\t\t<div class=\"elementor-video\"><\/div>\t\t<\/div>\n\t\t\t\t\t\t<\/div>\n\t\t\t\t<\/div>\n\t\t\t\t<div class=\"elementor-element elementor-element-8babd43 elementor-widget elementor-widget-video\" data-id=\"8babd43\" data-element_type=\"widget\" data-settings=\"{&quot;youtube_url&quot;:&quot;https:\\\/\\\/youtu.be\\\/nq37wCK8gvk?si=Y2a8DIQ_SSGkQNoe &quot;,&quot;video_type&quot;:&quot;youtube&quot;,&quot;controls&quot;:&quot;yes&quot;}\" data-widget_type=\"video.default\">\n\t\t\t\t<div class=\"elementor-widget-container\">\n\t\t\t\t\t\t\t<div class=\"elementor-wrapper elementor-open-inline\">\n\t\t\t<div class=\"elementor-video\"><\/div>\t\t<\/div>\n\t\t\t\t\t\t<\/div>\n\t\t\t\t<\/div>\n\t\t\t\t<\/div>\n\t\t\t\t<\/div>\n\t\t\t\t\t<\/div>\n\t\t\t\t<\/div>\n\t\t\t\t<\/div>\n\t\t","protected":false},"excerpt":{"rendered":"<p>Rendere unica la tua storia \u00e8 la nostra specialit\u00e0 sia privata, aziendale o commerciale attraverso il racconto del testo dove tu o la tua attivit\u00e0 sono protagonisti assoluti.Pu\u00f2 essere accompagnata da immagini, fotografie, video e persino arrivare ad uno spot pubblicittario o reel. https:\/\/vidoorasrl.eu\/MB_VIDEO\/VIDEO_DEMO\/La%20storia%20di%20AN.mp4https:\/\/youtu.be\/-Pdg9EAO08Y?si=Q3KSJ0WAiDbIQmxX%20https:\/\/youtu.be\/_UE7kRHKFx8?si=qqIXzv8EnTczNCep%20https:\/\/youtu.be\/nq37wCK8gvk?si=Y2a8DIQ_SSGkQNoe%20<\/p>\n","protected":false},"author":1,"featured_media":0,"parent":0,"menu_order":0,"comment_status":"closed","ping_status":"closed","template":"elementor_canvas","meta":{"_monsterinsights_skip_tracking":false,"_monsterinsights_sitenote_active":false,"_monsterinsights_sitenote_note":"","_monsterinsights_sitenote_category":0,"_uf_show_specific_survey":0,"_uf_disable_surveys":false,"site-sidebar-layout":"no-sidebar","site-content-layout":"page-builder","ast-site-content-layout":"full-width-container","site-content-style":"unboxed","site-sidebar-style":"unboxed","ast-global-header-display":"","ast-banner-title-visibility":"","ast-main-header-display":"","ast-hfb-above-header-display":"","ast-hfb-below-header-display":"","ast-hfb-mobile-header-display":"","site-post-title":"disabled","ast-breadcrumbs-content":"","ast-featured-img":"disabled","footer-sml-layout":"","ast-disable-related-posts":"","theme-transparent-header-meta":"","adv-header-id-meta":"","stick-header-meta":"","header-above-stick-meta":"","header-main-stick-meta":"","header-below-stick-meta":"","astra-migrate-meta-layouts":"set","ast-page-background-enabled":"default","ast-page-background-meta":{"desktop":{"background-color":"","background-image":"","background-repeat":"repeat","background-position":"center center","background-size":"auto","background-attachment":"scroll","background-type":"","background-media":"","overlay-type":"","overlay-color":"","overlay-opacity":"","overlay-gradient":""},"tablet":{"background-color":"","background-image":"","background-repeat":"repeat","background-position":"center center","background-size":"auto","background-attachment":"scroll","background-type":"","background-media":"","overlay-type":"","overlay-color":"","overlay-opacity":"","overlay-gradient":""},"mobile":{"background-color":"","background-image":"","background-repeat":"repeat","background-position":"center center","background-size":"auto","background-attachment":"scroll","background-type":"","background-media":"","overlay-type":"","overlay-color":"","overlay-opacity":"","overlay-gradient":""}},"ast-content-background-meta":{"desktop":{"background-color":"var(--ast-global-color-5)","background-image":"","background-repeat":"repeat","background-position":"center center","background-size":"auto","background-attachment":"scroll","background-type":"","background-media":"","overlay-type":"","overlay-color":"","overlay-opacity":"","overlay-gradient":""},"tablet":{"background-color":"var(--ast-global-color-5)","background-image":"","background-repeat":"repeat","background-position":"center center","background-size":"auto","background-attachment":"scroll","background-type":"","background-media":"","overlay-type":"","overlay-color":"","overlay-opacity":"","overlay-gradient":""},"mobile":{"background-color":"var(--ast-global-color-5)","background-image":"","background-repeat":"repeat","background-position":"center center","background-size":"auto","background-attachment":"scroll","background-type":"","background-media":"","overlay-type":"","overlay-color":"","overlay-opacity":"","overlay-gradient":""}},"footnotes":""},"class_list":["post-1947","page","type-page","status-publish","hentry"],"aioseo_notices":[],"_links":{"self":[{"href":"https:\/\/mbcreative.it\/index.php?rest_route=\/wp\/v2\/pages\/1947","targetHints":{"allow":["GET"]}}],"collection":[{"href":"https:\/\/mbcreative.it\/index.php?rest_route=\/wp\/v2\/pages"}],"about":[{"href":"https:\/\/mbcreative.it\/index.php?rest_route=\/wp\/v2\/types\/page"}],"author":[{"embeddable":true,"href":"https:\/\/mbcreative.it\/index.php?rest_route=\/wp\/v2\/users\/1"}],"replies":[{"embeddable":true,"href":"https:\/\/mbcreative.it\/index.php?rest_route=%2Fwp%2Fv2%2Fcomments&post=1947"}],"version-history":[{"count":3,"href":"https:\/\/mbcreative.it\/index.php?rest_route=\/wp\/v2\/pages\/1947\/revisions"}],"predecessor-version":[{"id":2236,"href":"https:\/\/mbcreative.it\/index.php?rest_route=\/wp\/v2\/pages\/1947\/revisions\/2236"}],"wp:attachment":[{"href":"https:\/\/mbcreative.it\/index.php?rest_route=%2Fwp%2Fv2%2Fmedia&parent=1947"}],"curies":[{"name":"wp","href":"https:\/\/api.w.org\/{rel}","templated":true}]}}